{"id":31,"date":"2022-02-13T17:14:22","date_gmt":"2022-02-13T16:14:22","guid":{"rendered":"http:\/\/concertino.ruppen.productions\/?page_id=31"},"modified":"2024-02-20T08:15:34","modified_gmt":"2024-02-20T07:15:34","slug":"home","status":"publish","type":"page","link":"https:\/\/concertinowallis.ch\/","title":{"rendered":"HOME"},"content":{"rendered":"<p>[et_pb_section fb_built=&#187;1&#8243; _builder_version=&#187;4.14.8&#8243; _module_preset=&#187;default&#187; background_image=&#187;http:\/\/concertinowallis.ch\/wp-content\/uploads\/2022\/03\/header-1.jpg&#187; background_position=&#187;top_center&#187; max_height=&#187;440px&#187; custom_padding=&#187;||16px|||&#187; global_module=&#187;358&#8243; saved_tabs=&#187;all&#187; locked=&#187;off&#187; global_colors_info=&#187;{}&#187;][et_pb_row _builder_version=&#187;4.16&#8243; _module_preset=&#187;default&#187; width=&#187;100%&#187; max_width=&#187;2560px&#187; custom_padding=&#187;||0px|||&#187; global_colors_info=&#187;{}&#187;][et_pb_column type=&#187;4_4&#8243; _builder_version=&#187;4.16&#8243; _module_preset=&#187;default&#187; global_colors_info=&#187;{}&#187;][et_pb_divider show_divider=&#187;off&#187; _builder_version=&#187;4.16&#8243; _module_preset=&#187;default&#187; height=&#187;215px&#187; global_colors_info=&#187;{}&#187;][\/et_pb_divider][et_pb_text _builder_version=&#187;4.16&#8243; _module_preset=&#187;default&#187; global_colors_info=&#187;{}&#187;]<\/p>\n<p style=\"text-align: right;\"><img loading=\"lazy\" decoding=\"async\" src=\"http:\/\/concertinowallis.ch\/wp-content\/uploads\/2022\/02\/Bildschirmfoto-2022-02-13-um-18.10.15.png\" width=\"272\" height=\"88\" alt=\"\" class=\"wp-image-74 alignnone size-full\" srcset=\"https:\/\/concertinowallis.ch\/wp-content\/uploads\/2022\/02\/Bildschirmfoto-2022-02-13-um-18.10.15.png 792w, https:\/\/concertinowallis.ch\/wp-content\/uploads\/2022\/02\/Bildschirmfoto-2022-02-13-um-18.10.15-300x97.png 300w, https:\/\/concertinowallis.ch\/wp-content\/uploads\/2022\/02\/Bildschirmfoto-2022-02-13-um-18.10.15-768x248.png 768w, https:\/\/concertinowallis.ch\/wp-content\/uploads\/2022\/02\/Bildschirmfoto-2022-02-13-um-18.10.15-480x155.png 480w\" sizes=\"(max-width: 272px) 100vw, 272px\" \/><\/p>\n<p>[\/et_pb_text][\/et_pb_column][\/et_pb_row][\/et_pb_section][et_pb_section fb_built=&#187;1&#8243; fullwidth=&#187;on&#187; _builder_version=&#187;4.14.8&#8243; _module_preset=&#187;default&#187; custom_margin=&#187;-37px||||false|false&#187; global_module=&#187;152&#8243; saved_tabs=&#187;all&#187; locked=&#187;on&#187; global_colors_info=&#187;{}&#187;][et_pb_fullwidth_menu _builder_version=&#187;4.16&#8243; _module_preset=&#187;default&#187; height=&#187;80px&#187; custom_margin=&#187;35px||||false|false&#187; global_colors_info=&#187;{}&#187;][\/et_pb_fullwidth_menu][\/et_pb_section][et_pb_section fb_built=&#187;1&#8243; _builder_version=&#187;4.16&#8243; _module_preset=&#187;default&#187; custom_margin=&#187;1px|||||&#187; scroll_scaling=&#187;82|92|92|100|70|100|100&#8243; global_colors_info=&#187;{}&#187;][et_pb_row column_structure=&#187;1_2,1_2&#8243; _builder_version=&#187;4.24.0&#8243; _module_preset=&#187;default&#187; global_colors_info=&#187;{}&#187;][et_pb_column type=&#187;1_2&#8243; _builder_version=&#187;4.24.0&#8243; _module_preset=&#187;default&#187; global_colors_info=&#187;{}&#187;][et_pb_image src=&#187;https:\/\/concertinowallis.ch\/wp-content\/uploads\/2024\/02\/brig-barock-plakat-web.jpeg&#187; _builder_version=&#187;4.24.1&#8243; _module_preset=&#187;default&#187; title_text=&#187;brig-barock-plakat-web&#187; hover_enabled=&#187;0&#8243; sticky_enabled=&#187;0&#8243;][\/et_pb_image][\/et_pb_column][et_pb_column type=&#187;1_2&#8243; _builder_version=&#187;4.24.0&#8243; _module_preset=&#187;default&#187; global_colors_info=&#187;{}&#187;][et_pb_cta title=&#187;Iphigenie 2024&#8243; button_url=&#187;@ET-DC@eyJkeW5hbWljIjp0cnVlLCJjb250ZW50IjoicG9zdF9saW5rX3VybF9wcm9qZWN0Iiwic2V0dGluZ3MiOnsicG9zdF9pZCI6IjU3OCJ9fQ==@&#187; button_text=&#187;Mehr dazu hier&#187; _builder_version=&#187;4.24.1&#8243; _dynamic_attributes=&#187;button_url&#187; _module_preset=&#187;default&#187; min_height=&#187;638.7px&#187; hover_enabled=&#187;0&#8243; global_colors_info=&#187;{}&#187; custom_margin=&#187;||42px|||&#187; sticky_enabled=&#187;0&#8243;]<\/p>\n<p><strong><\/strong><\/p>\n<p><strong><\/strong><\/p>\n<p><strong><\/strong><\/p>\n<p><strong><\/strong><\/p>\n<p><strong>&#8218;Iphigenie en Aulide&#8216;<\/strong><\/p>\n<p><strong>Oper von Christoph W. Gluck<\/strong><\/p>\n<p>Freilichtauff\u00fchrung im Stockalperschloss Brig<\/p>\n<p>Ein Projekt von Brig Barock und kammerorchester concertino<\/p>\n<p>[\/et_pb_cta][\/et_pb_column][\/et_pb_row][et_pb_row column_structure=&#187;1_2,1_2&#8243; _builder_version=&#187;4.16&#8243; _module_preset=&#187;default&#187; saved_tabs=&#187;all&#187; global_colors_info=&#187;{}&#187;][et_pb_column type=&#187;1_2&#8243; _builder_version=&#187;4.16&#8243; _module_preset=&#187;default&#187; global_colors_info=&#187;{}&#187;][et_pb_cta title=&#187;\u201aRINALDO\u2019 2018&#8243; button_url=&#187;@ET-DC@eyJkeW5hbWljIjp0cnVlLCJjb250ZW50IjoicG9zdF9saW5rX3VybF9wcm9qZWN0Iiwic2V0dGluZ3MiOnsicG9zdF9pZCI6IjUwOSJ9fQ==@&#187; button_text=&#187;Mehr dazu hier&#187; _builder_version=&#187;4.16&#8243; _dynamic_attributes=&#187;button_url&#187; _module_preset=&#187;default&#187; global_colors_info=&#187;{}&#187;]<\/p>\n<p>J\u2019ai pass\u00e9 une fort belle soir\u00e9e \u00e0 d\u00e9couvrir Rinaldo, un casting de r\u00eave avec une mise en sc\u00e8ne qui utilise avec imagination tout le potentiel du Ch\u00e2teau, servi par un Concertino qui m\u2019a fait comprendre une fois de plus tout ce que nous devons a ton travail de fond.<\/p>\n<p>Bravo et merci!<br \/>Jacques Cordonier, Dienstchef Kultur Kanton Wallis<\/p>\n<p>[\/et_pb_cta][\/et_pb_column][et_pb_column type=&#187;1_2&#8243; _builder_version=&#187;4.16&#8243; _module_preset=&#187;default&#187; global_colors_info=&#187;{}&#187;][et_pb_video src=&#187;https:\/\/vimeo.com\/451808556&#8243; _builder_version=&#187;4.16&#8243; _module_preset=&#187;default&#187; min_height=&#187;329.8px&#187; custom_margin=&#187;||41px|||&#187; global_colors_info=&#187;{}&#187;][\/et_pb_video][\/et_pb_column][\/et_pb_row][\/et_pb_section][et_pb_section fb_built=&#187;1&#8243; fullwidth=&#187;on&#187; _builder_version=&#187;4.16&#8243; _module_preset=&#187;default&#187; global_colors_info=&#187;{}&#187;][et_pb_fullwidth_image title_text=&#187;20121225-Kammerorchester_Website_Hauptprobe_Ernen-416&#8243; _builder_version=&#187;4.16&#8243; _module_preset=&#187;default&#187; global_colors_info=&#187;{}&#187;][\/et_pb_fullwidth_image][\/et_pb_section][et_pb_section fb_built=&#187;1&#8243; fullwidth=&#187;on&#187; _builder_version=&#187;4.16&#8243; _module_preset=&#187;default&#187; background_image=&#187;http:\/\/concertinowallis.ch\/wp-content\/uploads\/2022\/03\/231616-DSC_9098-scaled.jpg&#187; parallax=&#187;on&#187; parallax_method=&#187;off&#187; width=&#187;100%&#187; max_width=&#187;100%&#187; height=&#187;450px&#187; global_colors_info=&#187;{}&#187;][\/et_pb_section][et_pb_section fb_built=&#187;1&#8243; _builder_version=&#187;4.16&#8243; _module_preset=&#187;default&#187; global_colors_info=&#187;{}&#187;][et_pb_row column_structure=&#187;1_3,1_3,1_3&#8243; _builder_version=&#187;4.16&#8243; _module_preset=&#187;default&#187; min_height=&#187;122.2px&#187; global_colors_info=&#187;{}&#187;][et_pb_column type=&#187;1_3&#8243; _builder_version=&#187;4.16&#8243; _module_preset=&#187;default&#187; global_colors_info=&#187;{}&#187;][\/et_pb_column][et_pb_column type=&#187;1_3&#8243; _builder_version=&#187;4.16&#8243; _module_preset=&#187;default&#187; global_colors_info=&#187;{}&#187;][et_pb_code _builder_version=&#187;4.16&#8243; _module_preset=&#187;default&#187; global_colors_info=&#187;{}&#187;]<iframe loading=\"lazy\" width=\"100%\" height=\"300px\" scrolling=\"no\" frameborder=\"0\" src=\"https:\/\/concertinowallis.ch?mailpoet_form_iframe=1\" class=\"mailpoet_form_iframe\" id=\"mailpoet_form_iframe\" vspace=\"0\" tabindex=\"0\" onload=\"if (window['MailPoet']) MailPoet.Iframe.autoSize(this);\" marginwidth=\"0\" marginheight=\"0\" hspace=\"0\" allowtransparency=\"true\"><\/iframe>[\/et_pb_code][\/et_pb_column][et_pb_column type=&#187;1_3&#8243; _builder_version=&#187;4.16&#8243; _module_preset=&#187;default&#187; global_colors_info=&#187;{}&#187;][\/et_pb_column][\/et_pb_row][et_pb_row column_structure=&#187;1_4,1_4,1_4,1_4&#8243; _builder_version=&#187;4.16&#8243; _module_preset=&#187;default&#187; global_colors_info=&#187;{}&#187;][et_pb_column type=&#187;1_4&#8243; _builder_version=&#187;4.16&#8243; _module_preset=&#187;default&#187; global_colors_info=&#187;{}&#187;][et_pb_image src=&#187;http:\/\/concertinowallis.ch\/wp-content\/uploads\/2022\/02\/kbg.jpg&#187; title_text=&#187;kbg&#187; align=&#187;center&#187; _builder_version=&#187;4.16&#8243; _module_preset=&#187;default&#187; custom_margin=&#187;|54px||||&#187; custom_padding=&#187;0px|||||&#187; global_colors_info=&#187;{}&#187;][\/et_pb_image][\/et_pb_column][et_pb_column type=&#187;1_4&#8243; _builder_version=&#187;4.16&#8243; _module_preset=&#187;default&#187; global_colors_info=&#187;{}&#187;][et_pb_image src=&#187;http:\/\/concertinowallis.ch\/wp-content\/uploads\/2022\/02\/loterieromande.jpg&#187; title_text=&#187;39a-LoRo10_soutien_Q_TBF&#187; align=&#187;center&#187; _builder_version=&#187;4.16&#8243; _module_preset=&#187;default&#187; width=&#187;100%&#187; custom_padding=&#187;36px|43px||14px||&#187; global_colors_info=&#187;{}&#187;][\/et_pb_image][\/et_pb_column][et_pb_column type=&#187;1_4&#8243; _builder_version=&#187;4.16&#8243; _module_preset=&#187;default&#187; global_colors_info=&#187;{}&#187;][et_pb_image src=&#187;http:\/\/concertinowallis.ch\/wp-content\/uploads\/2022\/02\/wallis.jpg&#187; alt=&#187;logo&#187; title_text=&#187;wallis&#187; align=&#187;center&#187; _builder_version=&#187;4.16&#8243; _module_preset=&#187;default&#187; width=&#187;93.9%&#187; custom_margin=&#187;-28px|||||&#187; custom_padding=&#187;|87px||||&#187; global_colors_info=&#187;{}&#187;][\/et_pb_image][\/et_pb_column][et_pb_column type=&#187;1_4&#8243; _builder_version=&#187;4.16&#8243; _module_preset=&#187;default&#187; global_colors_info=&#187;{}&#187;][et_pb_image src=&#187;data:image\/svg+xml;base64,PHN2ZyB3aWR0aD0iMTA4MCIgaGVpZ2h0PSI1NDAiIHZpZXdCb3g9IjAgMCAxMDgwIDU0MCIgeG1sbnM9Imh0dHA6Ly93d3cudzMub3JnLzIwMDAvc3ZnIj4KICAgIDxnIGZpbGw9Im5vbmUiIGZpbGwtcnVsZT0iZXZlbm9kZCI+CiAgICAgICAgPHBhdGggZmlsbD0iI0VCRUJFQiIgZD0iTTAgMGgxMDgwdjU0MEgweiIvPgogICAgICAgIDxwYXRoIGQ9Ik00NDUuNjQ5IDU0MGgtOTguOTk1TDE0NC42NDkgMzM3Ljk5NSAwIDQ4Mi42NDR2LTk4Ljk5NWwxMTYuMzY1LTExNi4zNjVjMTUuNjItMTUuNjIgNDAuOTQ3LTE1LjYyIDU2LjU2OCAwTDQ0NS42NSA1NDB6IiBmaWxsLW9wYWNpdHk9Ii4xIiBmaWxsPSIjMDAwIiBmaWxsLXJ1bGU9Im5vbnplcm8iLz4KICAgICAgICA8Y2lyY2xlIGZpbGwtb3BhY2l0eT0iLjA1IiBmaWxsPSIjMDAwIiBjeD0iMzMxIiBjeT0iMTQ4IiByPSI3MCIvPgogICAgICAgIDxwYXRoIGQ9Ik0xMDgwIDM3OXYxMTMuMTM3TDcyOC4xNjIgMTQwLjMgMzI4LjQ2MiA1NDBIMjE1LjMyNEw2OTkuODc4IDU1LjQ0NmMxNS42Mi0xNS42MiA0MC45NDgtMTUuNjIgNTYuNTY4IDBMMTA4MCAzNzl6IiBmaWxsLW9wYWNpdHk9Ii4yIiBmaWxsPSIjMDAwIiBmaWxsLXJ1bGU9Im5vbnplcm8iLz4KICAgIDwvZz4KPC9zdmc+Cg==&#187; _builder_version=&#187;4.24.0&#8243; _module_preset=&#187;default&#187; global_colors_info=&#187;{}&#187;][\/et_pb_image][\/et_pb_column][\/et_pb_row][\/et_pb_section][et_pb_section fb_built=&#187;1&#8243; _builder_version=&#187;4.16&#8243; _module_preset=&#187;default&#187; global_colors_info=&#187;{}&#187;][\/et_pb_section]<\/p>\n","protected":false},"excerpt":{"rendered":"<p>&#8218;Iphigenie en Aulide&#8216; Oper von Christoph W. Gluck Freilichtauff\u00fchrung im Stockalperschloss Brig Ein Projekt von Brig Barock und kammerorchester concertinoJ\u2019ai pass\u00e9 une fort belle soir\u00e9e \u00e0 d\u00e9couvrir Rinaldo, un casting de r\u00eave avec une mise en sc\u00e8ne qui utilise avec imagination tout le potentiel du Ch\u00e2teau, servi par un Concertino qui m\u2019a fait comprendre une [&hellip;]<\/p>\n","protected":false},"author":1,"featured_media":0,"parent":0,"menu_order":0,"comment_status":"closed","ping_status":"closed","template":"","meta":{"_et_pb_use_builder":"on","_et_pb_old_content":"","_et_gb_content_width":"","footnotes":""},"class_list":["post-31","page","type-page","status-publish","hentry"],"_links":{"self":[{"href":"https:\/\/concertinowallis.ch\/index.php?rest_route=\/wp\/v2\/pages\/31","targetHints":{"allow":["GET"]}}],"collection":[{"href":"https:\/\/concertinowallis.ch\/index.php?rest_route=\/wp\/v2\/pages"}],"about":[{"href":"https:\/\/concertinowallis.ch\/index.php?rest_route=\/wp\/v2\/types\/page"}],"author":[{"embeddable":true,"href":"https:\/\/concertinowallis.ch\/index.php?rest_route=\/wp\/v2\/users\/1"}],"replies":[{"embeddable":true,"href":"https:\/\/concertinowallis.ch\/index.php?rest_route=%2Fwp%2Fv2%2Fcomments&post=31"}],"version-history":[{"count":61,"href":"https:\/\/concertinowallis.ch\/index.php?rest_route=\/wp\/v2\/pages\/31\/revisions"}],"predecessor-version":[{"id":620,"href":"https:\/\/concertinowallis.ch\/index.php?rest_route=\/wp\/v2\/pages\/31\/revisions\/620"}],"wp:attachment":[{"href":"https:\/\/concertinowallis.ch\/index.php?rest_route=%2Fwp%2Fv2%2Fmedia&parent=31"}],"curies":[{"name":"wp","href":"https:\/\/api.w.org\/{rel}","templated":true}]}}